{"id":1266,"date":"2025-07-09T14:17:23","date_gmt":"2025-07-09T14:17:23","guid":{"rendered":"https:\/\/studiomei.de\/?page_id=1266"},"modified":"2025-12-02T20:54:42","modified_gmt":"2025-12-02T20:54:42","slug":"ueber-studio-mei","status":"publish","type":"page","link":"https:\/\/studiomei.de\/en\/ueber-studio-mei\/","title":{"rendered":"ABOUT STUDIO MEI"},"content":{"rendered":"<div data-elementor-type=\"wp-page\" data-elementor-id=\"1266\" class=\"elementor elementor-1266\" data-elementor-post-type=\"page\">\n\t\t\t\t\t\t<section class=\"elementor-section elementor-top-section elementor-element elementor-element-6695687 elementor-section-boxed elementor-section-height-default elementor-section-height-default wpr-particle-no wpr-jarallax-no wpr-parallax-no wpr-sticky-section-no wpr-column-slider-no wpr-equal-height-no\" data-id=\"6695687\" data-element_type=\"section\" data-e-type=\"section\" data-settings=\"{&quot;background_background&quot;:&quot;classic&quot;}\">\n\t\t\t\t\t\t\t<div class=\"elementor-background-overlay\"><\/div>\n\t\t\t\t\t\t\t<div class=\"elementor-container elementor-column-gap-default\">\n\t\t\t\t\t<div class=\"elementor-column elementor-col-100 elementor-top-column elementor-element elementor-element-1ca71aa\" data-id=\"1ca71aa\" data-element_type=\"column\" data-e-type=\"column\">\n\t\t\t<div class=\"elementor-widget-wrap elementor-element-populated\">\n\t\t\t\t\t\t<div class=\"elementor-element elementor-element-6e63e62 elementor-widget elementor-widget-heading\" data-id=\"6e63e62\" data-element_type=\"widget\" data-e-type=\"widget\" data-widget_type=\"heading.default\">\n\t\t\t\t\t<h2 class=\"elementor-heading-title elementor-size-default\">ABOUT STUDIO MEI<\/h2>\t\t\t\t<\/div>\n\t\t\t\t\t<\/div>\n\t\t<\/div>\n\t\t\t\t\t<\/div>\n\t\t<\/section>\n\t\t\t\t<section class=\"elementor-section elementor-top-section elementor-element elementor-element-eedb03d elementor-section-content-space-evenly elementor-section-boxed elementor-section-height-default elementor-section-height-default wpr-particle-no wpr-jarallax-no wpr-parallax-no wpr-sticky-section-no wpr-column-slider-no wpr-equal-height-no\" data-id=\"eedb03d\" data-element_type=\"section\" data-e-type=\"section\">\n\t\t\t\t\t\t<div class=\"elementor-container elementor-column-gap-default\">\n\t\t\t\t\t<div class=\"elementor-column elementor-col-50 elementor-top-column elementor-element elementor-element-6450e87\" data-id=\"6450e87\" data-element_type=\"column\" data-e-type=\"column\">\n\t\t\t<div class=\"elementor-widget-wrap elementor-element-populated\">\n\t\t\t\t\t\t<div class=\"elementor-element elementor-element-9419df8 elementor-widget__width-initial elementor-widget elementor-widget-image\" data-id=\"9419df8\" data-element_type=\"widget\" data-e-type=\"widget\" studio=\"\" data-widget_type=\"image.default\">\n\t\t\t\t\t\t\t\t\t\t\t\t\t\t\t<img fetchpriority=\"high\" decoding=\"async\" width=\"683\" height=\"1024\" src=\"https:\/\/studiomei.de\/wp-content\/uploads\/2025\/11\/1V8A7562-683x1024.jpg\" class=\"attachment-large size-large wp-image-1956\" alt=\"Person sitting by a window holding a black mug and looking outside in a calm, relaxed atmosphere.\" srcset=\"https:\/\/studiomei.de\/wp-content\/uploads\/2025\/11\/1V8A7562-683x1024.jpg 683w, https:\/\/studiomei.de\/wp-content\/uploads\/2025\/11\/1V8A7562-200x300.jpg 200w, https:\/\/studiomei.de\/wp-content\/uploads\/2025\/11\/1V8A7562-768x1152.jpg 768w, https:\/\/studiomei.de\/wp-content\/uploads\/2025\/11\/1V8A7562-1024x1536.jpg 1024w, https:\/\/studiomei.de\/wp-content\/uploads\/2025\/11\/1V8A7562-1365x2048.jpg 1365w, https:\/\/studiomei.de\/wp-content\/uploads\/2025\/11\/1V8A7562-8x12.jpg 8w, https:\/\/studiomei.de\/wp-content\/uploads\/2025\/11\/1V8A7562-scaled.jpg 1707w\" sizes=\"(max-width: 683px) 100vw, 683px\" \/>\t\t\t\t\t\t\t\t\t\t\t\t\t\t\t<\/div>\n\t\t\t\t\t<\/div>\n\t\t<\/div>\n\t\t\t\t<div class=\"elementor-column elementor-col-50 elementor-top-column elementor-element elementor-element-5739dac\" data-id=\"5739dac\" data-element_type=\"column\" data-e-type=\"column\">\n\t\t\t<div class=\"elementor-widget-wrap elementor-element-populated\">\n\t\t\t\t\t\t<div class=\"elementor-element elementor-element-63d193d elementor-widget elementor-widget-heading\" data-id=\"63d193d\" data-element_type=\"widget\" data-e-type=\"widget\" data-widget_type=\"heading.default\">\n\t\t\t\t\t<h2 class=\"elementor-heading-title elementor-size-default\">About Ina<\/h2>\t\t\t\t<\/div>\n\t\t\t\t<div class=\"elementor-element elementor-element-3068a46 elementor-widget-divider--view-line elementor-widget elementor-widget-divider\" data-id=\"3068a46\" data-element_type=\"widget\" data-e-type=\"widget\" data-widget_type=\"divider.default\">\n\t\t\t\t\t\t\t<div class=\"elementor-divider\">\n\t\t\t<span class=\"elementor-divider-separator\">\n\t\t\t\t\t\t<\/span>\n\t\t<\/div>\n\t\t\t\t\t\t<\/div>\n\t\t\t\t<div class=\"elementor-element elementor-element-032ff0a elementor-widget elementor-widget-text-editor\" data-id=\"032ff0a\" data-element_type=\"widget\" data-e-type=\"widget\" data-widget_type=\"text-editor.default\">\n\t\t\t\t\t\t\t\t\t<p style=\"text-align: left;\" data-start=\"0\" data-end=\"270\">Ina is the founder and managing director of Studio Mei. With experience in China and Germany, she combines clear design, functional planning, and high-quality materials.\u00a0<\/p><p style=\"text-align: left;\" data-start=\"0\" data-end=\"270\" class=\"translation-block\">Her expertise, sense for trends, and commitment to the highest quality make Studio Mei a reliable partner for both commercial and private design projects.<\/p>\t\t\t\t\t\t\t\t<\/div>\n\t\t\t\t\t<\/div>\n\t\t<\/div>\n\t\t\t\t\t<\/div>\n\t\t<\/section>\n\t\t\t\t<section class=\"elementor-section elementor-top-section elementor-element elementor-element-4c7996a elementor-section-boxed elementor-section-height-default elementor-section-height-default wpr-particle-no wpr-jarallax-no wpr-parallax-no wpr-sticky-section-no wpr-column-slider-no wpr-equal-height-no\" data-id=\"4c7996a\" data-element_type=\"section\" data-e-type=\"section\">\n\t\t\t\t\t\t<div class=\"elementor-container elementor-column-gap-default\">\n\t\t\t\t\t<div class=\"elementor-column elementor-col-50 elementor-top-column elementor-element elementor-element-3f4b5e7\" data-id=\"3f4b5e7\" data-element_type=\"column\" data-e-type=\"column\">\n\t\t\t<div class=\"elementor-widget-wrap elementor-element-populated\">\n\t\t\t\t\t\t<div class=\"elementor-element elementor-element-5a675e5 elementor-widget elementor-widget-heading\" data-id=\"5a675e5\" data-element_type=\"widget\" data-e-type=\"widget\" data-widget_type=\"heading.default\">\n\t\t\t\t\t<h2 class=\"elementor-heading-title elementor-size-default\">\u7f8e \u2013 MEI is Chinese and means beauty, grace and perfection of form.<\/h2>\t\t\t\t<\/div>\n\t\t\t\t<div class=\"elementor-element elementor-element-830eb7c elementor-widget-divider--view-line elementor-widget elementor-widget-divider\" data-id=\"830eb7c\" data-element_type=\"widget\" data-e-type=\"widget\" data-widget_type=\"divider.default\">\n\t\t\t\t\t\t\t<div class=\"elementor-divider\">\n\t\t\t<span class=\"elementor-divider-separator\">\n\t\t\t\t\t\t<\/span>\n\t\t<\/div>\n\t\t\t\t\t\t<\/div>\n\t\t\t\t<div class=\"elementor-element elementor-element-4224bb3 elementor-widget elementor-widget-text-editor\" data-id=\"4224bb3\" data-element_type=\"widget\" data-e-type=\"widget\" data-widget_type=\"text-editor.default\">\n\t\t\t\t\t\t\t\t\t<p data-start=\"0\" data-end=\"270\">At\u00a0<strong><a href=\"https:\/\/studiomei.de\/en\/angebot\/\">S<\/a><a href=\"https:\/\/studiomei.de\/en\/angebot\/\">TUDIO<\/a><a href=\"https:\/\/studiomei.de\/en\/angebot\/\">\u00a0MEI<\/a><\/strong>\u00a0our mission is to transform spaces into meaningful experiences. We combine creative vision with functional\u00a0<a href=\"https:\/\/studiomei.de\/en\/angebot\/\">design<\/a>, to create interiors that reflect individuality, enrich everyday life, and inspire. Through close collaboration, meticulous attention to detail, and the highest quality standards, we bring our clients' stories to life \u2013 room by room \u2013 with our bespoke\u00a0<a href=\"https:\/\/studiomei.de\/en\/angebot\/\">Interior design concepts<\/a>.<\/p>\t\t\t\t\t\t\t\t<\/div>\n\t\t\t\t\t<\/div>\n\t\t<\/div>\n\t\t\t\t<div class=\"elementor-column elementor-col-50 elementor-top-column elementor-element elementor-element-0e059f9\" data-id=\"0e059f9\" data-element_type=\"column\" data-e-type=\"column\">\n\t\t\t<div class=\"elementor-widget-wrap elementor-element-populated\">\n\t\t\t\t\t\t<div class=\"elementor-element elementor-element-7e37526 elementor-widget__width-initial elementor-widget elementor-widget-image\" data-id=\"7e37526\" data-element_type=\"widget\" data-e-type=\"widget\" studio=\"\" data-widget_type=\"image.default\">\n\t\t\t\t\t\t\t\t\t\t\t\t\t\t\t<img decoding=\"async\" width=\"1024\" height=\"683\" data-src=\"https:\/\/studiomei.de\/wp-content\/uploads\/2025\/11\/Weixin-Image_20251123015126_37_1-1024x683.jpg\" class=\"attachment-large size-large wp-image-1870 lazyload\" alt=\"Asian style living room and garden \u2013 Studio Mei\" data-srcset=\"https:\/\/studiomei.de\/wp-content\/uploads\/2025\/11\/Weixin-Image_20251123015126_37_1-1024x683.jpg 1024w, https:\/\/studiomei.de\/wp-content\/uploads\/2025\/11\/Weixin-Image_20251123015126_37_1-300x200.jpg 300w, https:\/\/studiomei.de\/wp-content\/uploads\/2025\/11\/Weixin-Image_20251123015126_37_1-768x512.jpg 768w, https:\/\/studiomei.de\/wp-content\/uploads\/2025\/11\/Weixin-Image_20251123015126_37_1-18x12.jpg 18w, https:\/\/studiomei.de\/wp-content\/uploads\/2025\/11\/Weixin-Image_20251123015126_37_1.jpg 1080w\" data-sizes=\"(max-width: 1024px) 100vw, 1024px\" src=\"data:image\/svg+xml;base64,PHN2ZyB3aWR0aD0iMSIgaGVpZ2h0PSIxIiB4bWxucz0iaHR0cDovL3d3dy53My5vcmcvMjAwMC9zdmciPjwvc3ZnPg==\" style=\"--smush-placeholder-width: 1024px; --smush-placeholder-aspect-ratio: 1024\/683;\" \/>\t\t\t\t\t\t\t\t\t\t\t\t\t\t\t<\/div>\n\t\t\t\t\t<\/div>\n\t\t<\/div>\n\t\t\t\t\t<\/div>\n\t\t<\/section>\n\t\t\t\t<section class=\"elementor-section elementor-top-section elementor-element elementor-element-02a611c elementor-section-boxed elementor-section-height-default elementor-section-height-default wpr-particle-no wpr-jarallax-no wpr-parallax-no wpr-sticky-section-no wpr-column-slider-no wpr-equal-height-no\" data-id=\"02a611c\" data-element_type=\"section\" data-e-type=\"section\">\n\t\t\t\t\t\t<div class=\"elementor-container elementor-column-gap-wide\">\n\t\t\t\t\t<div class=\"elementor-column elementor-col-50 elementor-top-column elementor-element elementor-element-4581252\" data-id=\"4581252\" data-element_type=\"column\" data-e-type=\"column\">\n\t\t\t<div class=\"elementor-widget-wrap elementor-element-populated\">\n\t\t\t\t\t\t<div class=\"elementor-element elementor-element-40a3540 wpr-promo-box-style-cover elementor-widget elementor-widget-wpr-promo-box\" data-id=\"40a3540\" data-element_type=\"widget\" data-e-type=\"widget\" creative=\"\" data-widget_type=\"wpr-promo-box.default\">\n\t\t\t\t\t\n\t\t<div class=\"wpr-promo-box wpr-animation-wrap\">\n\n\t\t\t\t\t\t\t\n\t\t\t\t\t\t\t<div class=\"wpr-promo-box-image\">\n\t\t\t\t\t<div class=\"wpr-promo-box-bg-image wpr-bg-anim-zoom-in wpr-anim-timing-ease-default lazyload\" style=\"background-image:inherit;\" data-bg-image=\"url(https:\/\/studiomei.de\/wp-content\/uploads\/2025\/07\/Funirture-settings3.jpg)\"><\/div>\n\t\t\t\t\t<div class=\"wpr-promo-box-bg-overlay wpr-border-anim-oscar\"><\/div>\n\t\t\t\t<\/div>\n\t\t\t\t\t\t\n\t\t\t<div class=\"wpr-promo-box-content\">\n\n\t\t\t\t\t\t\t\t<div class=\"wpr-promo-box-icon\">\n\t\t\t\t\t\t\t\t\t<\/div>\n\t\t\t\t\n\t\t\t\t<h3 class=\"wpr-promo-box-title\"><span>Design trip<\/span><\/h3>\n\t\t\t\t\t\t\t\t\t<div class=\"wpr-promo-box-description\">\n\t\t\t\t\t\t<p><p>Go with <span style=\"color: #ffcc00\"><strong>STUDIO MEI<\/strong><\/span> on a unique <span style=\"color: #ffcc00\"><a style=\"color: #ffcc00\" href=\"https:\/\/studiomei.de\/en\/angebot\/\">design<\/a> <\/span>travel \u2013 where creativity meets culture and every room tells its own story.<\/p><\/p>\t\n\t\t\t\t\t<\/div>\t\t\t\t\t\t\n\t\t\t\t\n\t\t\t\t\t\t\t<\/div>\n\n\t\t\t\t\t<\/div>\n\n\t\t\t\t\t\t<\/div>\n\t\t\t\t\t<\/div>\n\t\t<\/div>\n\t\t\t\t<div class=\"elementor-column elementor-col-50 elementor-top-column elementor-element elementor-element-cb18ab9\" data-id=\"cb18ab9\" data-element_type=\"column\" data-e-type=\"column\">\n\t\t\t<div class=\"elementor-widget-wrap elementor-element-populated\">\n\t\t\t\t\t\t<div class=\"elementor-element elementor-element-2b3fab4 elementor-widget-divider--view-line elementor-widget elementor-widget-divider\" data-id=\"2b3fab4\" data-element_type=\"widget\" data-e-type=\"widget\" data-widget_type=\"divider.default\">\n\t\t\t\t\t\t\t<div class=\"elementor-divider\">\n\t\t\t<span class=\"elementor-divider-separator\">\n\t\t\t\t\t\t<\/span>\n\t\t<\/div>\n\t\t\t\t\t\t<\/div>\n\t\t\t\t<div class=\"elementor-element elementor-element-36967da elementor-widget elementor-widget-text-editor\" data-id=\"36967da\" data-element_type=\"widget\" data-e-type=\"widget\" data-widget_type=\"text-editor.default\">\n\t\t\t\t\t\t\t\t\t<p data-start=\"38\" data-end=\"351\">Under the <strong><a href=\"https:\/\/studiomei.de\/en\/angebot\/\">Leadership of Ina<\/a><\/strong>, founder and CEO of <strong><a href=\"https:\/\/studiomei.de\/en\/angebot\/\">STUDIO MEI<\/a><\/strong>, aesthetics meet the highest <a href=\"https:\/\/studiomei.de\/en\/angebot\/\">design<\/a>quality.  With years of practical experience in the interior design industry <strong><a href=\"https:\/\/studiomei.de\/en\/angebot\/\">STUDIO MEI offers  modern<\/a><\/strong>, customized solutions created by some of China's most talented designers.<\/p><p data-start=\"353\" data-end=\"576\">Our goal is to design spaces that are not only beautiful but also functional \u2013 with well-thought-out solutions that enable optimal use. Every square meter is used efficiently so that your space offers exactly what you need. <a href=\"https:\/\/studiomei.de\/en\/angebot\/\">Tailor-made design<\/a> inspired by you.<\/p>\t\t\t\t\t\t\t\t<\/div>\n\t\t\t\t\t<\/div>\n\t\t<\/div>\n\t\t\t\t\t<\/div>\n\t\t<\/section>\n\t\t\t\t<section class=\"elementor-section elementor-top-section elementor-element elementor-element-6a1fca2 elementor-section-height-min-height elementor-section-boxed elementor-section-height-default elementor-section-items-middle wpr-particle-no wpr-jarallax-no wpr-parallax-no wpr-sticky-section-no wpr-column-slider-no wpr-equal-height-no\" data-id=\"6a1fca2\" data-element_type=\"section\" data-e-type=\"section\" data-settings=\"{&quot;background_background&quot;:&quot;classic&quot;}\" studio=\"\">\n\t\t\t\t\t\t\t<div class=\"elementor-background-overlay\"><\/div>\n\t\t\t\t\t\t\t<div class=\"elementor-container elementor-column-gap-default\">\n\t\t\t\t\t<div class=\"elementor-column elementor-col-50 elementor-top-column elementor-element elementor-element-e1006fa elementor-hidden-tablet elementor-hidden-mobile\" data-id=\"e1006fa\" data-element_type=\"column\" data-e-type=\"column\">\n\t\t\t<div class=\"elementor-widget-wrap\">\n\t\t\t\t\t\t\t<\/div>\n\t\t<\/div>\n\t\t\t\t<div class=\"elementor-column elementor-col-50 elementor-top-column elementor-element elementor-element-9792503\" data-id=\"9792503\" data-element_type=\"column\" data-e-type=\"column\">\n\t\t\t<div class=\"elementor-widget-wrap elementor-element-populated\">\n\t\t\t\t\t\t<div class=\"elementor-element elementor-element-1ecc61a elementor-widget elementor-widget-text-editor\" data-id=\"1ecc61a\" data-element_type=\"widget\" data-e-type=\"widget\" data-widget_type=\"text-editor.default\">\n\t\t\t\t\t\t\t\t\t<h3 class=\"elementor-heading-title elementor-size-default\"><span style=\"color: #33cccc;\"><span style=\"color: #ffffff;\">This is how STUDIO MEI works<\/span><\/span><\/h3>\t\t\t\t\t\t\t\t<\/div>\n\t\t\t\t<div class=\"elementor-element elementor-element-3ef2e4b elementor-widget-divider--view-line elementor-widget elementor-widget-divider\" data-id=\"3ef2e4b\" data-element_type=\"widget\" data-e-type=\"widget\" data-widget_type=\"divider.default\">\n\t\t\t\t\t\t\t<div class=\"elementor-divider\">\n\t\t\t<span class=\"elementor-divider-separator\">\n\t\t\t\t\t\t<\/span>\n\t\t<\/div>\n\t\t\t\t\t\t<\/div>\n\t\t\t\t<div class=\"elementor-element elementor-element-e650fe5 elementor-widget elementor-widget-text-editor\" data-id=\"e650fe5\" data-element_type=\"widget\" data-e-type=\"widget\" data-widget_type=\"text-editor.default\">\n\t\t\t\t\t\t\t\t\t<div class=\"elementor-element elementor-element-f20e110 elementor-widget elementor-widget-heading\" data-id=\"f20e110\" data-element_type=\"widget\" data-widget_type=\"heading.default\"><p data-start=\"0\" data-end=\"338\">At\u00a0<strong><a href=\"https:\/\/studiomei.de\/en\/contact\/\">STUDIO MEI<\/a>\u00a0<\/strong>Your vision is our focus. Simply share your ideas with us and fill out our form.\u00a0<a href=\"https:\/\/studiomei.de\/en\/contact\/\">design<\/a>Complete the questionnaire \u2013 we'll take care of the rest. In close collaboration with our experienced team.\u00a0<a href=\"https:\/\/studiomei.de\/en\/contact\/\">design<\/a>Our team in China develops tailor-made concepts that are creative and perfectly suited to your space and lifestyle.<\/p><p data-start=\"340\" data-end=\"588\">Our goal is to design spaces that are not only beautiful but also functional \u2013 with well-thought-out solutions that enable optimal use. Every square meter is used efficiently so that your space offers exactly what you need.<\/p><p data-start=\"590\" data-end=\"638\" data-is-last-node=\"\" data-is-only-node=\"\"><a href=\"https:\/\/studiomei.de\/en\/contact\/\">Tailor-made<em>s\u00a0<\/em><\/a>Design\u00a0\u2013 inspiriert von Dir.<\/p><\/div>\t\t\t\t\t\t\t\t<\/div>\n\t\t\t\t\t<\/div>\n\t\t<\/div>\n\t\t\t\t\t<\/div>\n\t\t<\/section>\n\t\t<div class=\"elementor-element elementor-element-67656da e-flex e-con-boxed wpr-particle-no wpr-jarallax-no wpr-parallax-no wpr-sticky-section-no wpr-column-slider-no wpr-equal-height-no e-con e-parent\" data-id=\"67656da\" data-element_type=\"container\" data-e-type=\"container\">\n\t\t\t\t\t<div class=\"e-con-inner\">\n\t\t\t\t\t<\/div>\n\t\t\t\t<\/div>\n\t\t\t\t<\/div>","protected":false},"excerpt":{"rendered":"<p>\u00dcBER STUDIO MEI \u00dcber Ina Ina ist die Gr\u00fcnderin und Gesch\u00e4ftsf\u00fchrerin von STUDIO MEI. Mit Erfahrung in China und Deutschland verbindet sie klare Gestaltung, funktionale Planung und hochwertige Materialien.\u00a0 Ihre Expertise, ihr Gesp\u00fcr f\u00fcr Trends und ihr Anspruch an h\u00f6chste Qualit\u00e4t machen STUDIO MEI zum zuverl\u00e4ssigen Partner f\u00fcr gewerbliche und private Designprojekte. \u7f8e \u2013 MEI ist Chinesisch und bedeutet Sch\u00f6nheit, Anmut und Formvollendung. Bei\u00a0STUDIO\u00a0MEI\u00a0ist es unsere Mission, R\u00e4ume in bedeutungsvolle Erlebnisse zu verwandeln. Wir verbinden kreative Vision mit funktionalem\u00a0Design, um Innenr\u00e4ume zu schaffen, die Individualit\u00e4t widerspiegeln, den Alltag bereichern und inspirieren. Durch enge Zusammenarbeit, Liebe zum Detail und h\u00f6chste Qualit\u00e4tsstandards erwecken wir die Geschichten unserer Kunden zum Leben \u2013 Raum f\u00fcr Raum mit unseren ma\u00dfgeschneiderten\u00a0Innenraumkonzepten. Design-Reise Begeben Sie sich mit STUDIO MEI auf eine einzigartige Design reise \u2013 wo Kreativit\u00e4t auf Kultur trifft und jeder Raum eine eigene Geschichte erz\u00e4hlt. Unter der Leitung von Ina, Gr\u00fcnderin und Gesch\u00e4ftsf\u00fchrerin von STUDIO MEI, treffen \u00c4sthetik und h\u00f6chste Designqualit\u00e4t aufeinander. Mit langj\u00e4hriger Praxiserfahrung in der Innenarchitektur bietet STUDIO MEI moderne, ma\u00dfgeschneiderte L\u00f6sungen, die von einigen der talentiertesten Designer Chinas geschaffen werden. Ob f\u00fcr private Wohnr\u00e4ume oder gewerbliche Einrichtungen \u2013 unsere Vision ist es, unverwechselbare Designs zu entwickeln, die Funktionalit\u00e4t, \u00c4sthetik und den einzigartigen Geist zeitgen\u00f6ssischer Innenraumgestaltung vereinen. So funktioniert STUDIO MEI Bei\u00a0STUDIO MEI\u00a0steht Deine Vision im Mittelpunkt. Teile uns einfach Deine Ideen mit und f\u00fclle unseren\u00a0Designfragebogen aus \u2013 wir k\u00fcmmern uns um den Rest. In enger Zusammenarbeit mit unserem erfahrenen\u00a0Designteam in China entwickeln wir ma\u00dfgeschneiderte Konzepte, die kreativ sind und perfekt zu Deinem Raum und Lebensstil passen. Unser Ziel ist es, R\u00e4ume zu gestalten, die nicht nur sch\u00f6n, sondern auch funktional sind \u2013 mit durchdachten L\u00f6sungen, die eine optimale Nutzung erm\u00f6glichen. Jeder Quadratmeter wird sinnvoll genutzt, damit Dein Raum genau das bietet, was Du brauchst. Ma\u00dfgeschneidertes\u00a0Design\u00a0\u2013 inspiriert von Dir.<\/p>","protected":false},"author":1,"featured_media":0,"parent":0,"menu_order":0,"comment_status":"closed","ping_status":"closed","template":"","meta":{"_monsterinsights_skip_tracking":false,"_monsterinsights_sitenote_active":false,"_monsterinsights_sitenote_note":"","_monsterinsights_sitenote_category":0,"site-sidebar-layout":"no-sidebar","site-content-layout":"page-builder","ast-site-content-layout":"full-width-container","site-content-style":"default","site-sidebar-style":"default","ast-global-header-display":"","ast-banner-title-visibility":"","ast-main-header-display":"","ast-hfb-above-header-display":"","ast-hfb-below-header-display":"","ast-hfb-mobile-header-display":"","site-post-title":"disabled","ast-breadcrumbs-content":"","ast-featured-img":"disabled","footer-sml-layout":"","ast-disable-related-posts":"","theme-transparent-header-meta":"","adv-header-id-meta":"","stick-header-meta":"","header-above-stick-meta":"","header-main-stick-meta":"","header-below-stick-meta":"","astra-migrate-meta-layouts":"set","ast-page-background-enabled":"default","ast-page-background-meta":{"desktop":{"background-color":"","background-image":"","background-repeat":"repeat","background-position":"center center","background-size":"auto","background-attachment":"scroll","background-type":"","background-media":"","overlay-type":"","overlay-color":"","overlay-opacity":"","overlay-gradient":""},"tablet":{"background-color":"","background-image":"","background-repeat":"repeat","background-position":"center center","background-size":"auto","background-attachment":"scroll","background-type":"","background-media":"","overlay-type":"","overlay-color":"","overlay-opacity":"","overlay-gradient":""},"mobile":{"background-color":"","background-image":"","background-repeat":"repeat","background-position":"center center","background-size":"auto","background-attachment":"scroll","background-type":"","background-media":"","overlay-type":"","overlay-color":"","overlay-opacity":"","overlay-gradient":""}},"ast-content-background-meta":{"desktop":{"background-color":"var(--ast-global-color-5)","background-image":"","background-repeat":"repeat","background-position":"center center","background-size":"auto","background-attachment":"scroll","background-type":"","background-media":"","overlay-type":"","overlay-color":"","overlay-opacity":"","overlay-gradient":""},"tablet":{"background-color":"var(--ast-global-color-5)","background-image":"","background-repeat":"repeat","background-position":"center center","background-size":"auto","background-attachment":"scroll","background-type":"","background-media":"","overlay-type":"","overlay-color":"","overlay-opacity":"","overlay-gradient":""},"mobile":{"background-color":"var(--ast-global-color-5)","background-image":"","background-repeat":"repeat","background-position":"center center","background-size":"auto","background-attachment":"scroll","background-type":"","background-media":"","overlay-type":"","overlay-color":"","overlay-opacity":"","overlay-gradient":""}},"footnotes":""},"class_list":["post-1266","page","type-page","status-publish","hentry"],"aioseo_notices":[],"_links":{"self":[{"href":"https:\/\/studiomei.de\/en\/wp-json\/wp\/v2\/pages\/1266","targetHints":{"allow":["GET"]}}],"collection":[{"href":"https:\/\/studiomei.de\/en\/wp-json\/wp\/v2\/pages"}],"about":[{"href":"https:\/\/studiomei.de\/en\/wp-json\/wp\/v2\/types\/page"}],"author":[{"embeddable":true,"href":"https:\/\/studiomei.de\/en\/wp-json\/wp\/v2\/users\/1"}],"replies":[{"embeddable":true,"href":"https:\/\/studiomei.de\/en\/wp-json\/wp\/v2\/comments?post=1266"}],"version-history":[{"count":154,"href":"https:\/\/studiomei.de\/en\/wp-json\/wp\/v2\/pages\/1266\/revisions"}],"predecessor-version":[{"id":1999,"href":"https:\/\/studiomei.de\/en\/wp-json\/wp\/v2\/pages\/1266\/revisions\/1999"}],"wp:attachment":[{"href":"https:\/\/studiomei.de\/en\/wp-json\/wp\/v2\/media?parent=1266"}],"curies":[{"name":"wp","href":"https:\/\/api.w.org\/{rel}","templated":true}]}}